{"id":6,"date":"2021-09-09T09:40:20","date_gmt":"2021-09-09T07:40:20","guid":{"rendered":"http:\/\/192.168.1.206\/?page_id=6"},"modified":"2026-01-03T14:45:52","modified_gmt":"2026-01-03T13:45:52","slug":"home","status":"publish","type":"page","link":"http:\/\/glootz.selfhost.eu\/","title":{"rendered":"Home"},"content":{"rendered":"\n<p style=\"line-height:1\">Wer sind die Pyro-Piraten?<\/p>\n\n\n\n<p style=\"line-height:1\">Pyro-Piraten ist Ihr Feuerwerk-Fachh\u00e4ndler im Stuttgarter Neckartal seit 2014,<br>wenn Sie professionelles und hochwertiges Feuerwerk kaufen m\u00f6chten!<\/p>\n\n\n\n<p>Wir sind ein anerkannter Fachh\u00e4ndler f\u00fcr:<br><strong><span style=\"background-color:rgba(0, 0, 0, 0)\" class=\"has-inline-color has-vivid-red-color\">Raketen\u00a0 \u00b0 \u00a0 Batterien\u00a0 \u00b0 \u00a0 Knallartikel\u00a0 \u00b0\u00a0 Leuchtfeuerwerk<\/span><\/strong><br><strong><mark style=\"background-color:rgba(0, 0, 0, 0)\" class=\"has-inline-color has-vivid-red-color\">Wir bedanken uns bei allen Kunden die 2025 bei uns eingekauft haben,<\/mark><\/strong><br><strong><mark style=\"background-color:rgba(0, 0, 0, 0)\" class=\"has-inline-color has-vivid-red-color\">und w\u00fcnschen ein frohes und gesundes Jahr 2026!<\/mark><\/strong><br><strong>Ausserhalb der Ladenverkaufszeiten zu Silvester kontaktieren Sie uns bitte unter:<br>Telefon Nr. 01520\/38 83 127 oder per E-Mail an pyro-piraten[at]mail[dot]de<br>Wollen Sie etwas von uns abholen? Vereinbahren Sie bitte einen Termin mit uns.<\/strong><br><strong>\u00b0<\/strong> Bei uns erhalten Sie eine individuelle Beratung von ausgebildeten Gro\u00dffeuerwerkern (Pyrotechniker)<br>\u00a0 nicht nur zu Silvester, sondern auch f\u00fcr andere Anl\u00e4sse wie z.B. Hochzeit, Geburtstag oder Jubil\u00e4um *<br><strong>\u00b0<\/strong> Sie erhalten qualitativ hochwertiges Feuerwerk, welches Sie bei keinem Discounter bekommen!<br><strong>\u00b0<\/strong> Wir verkaufen auch Kategorie F3 Artikel, f\u00fcr Inhaber einer Erlaubnis nach \u00a727 SprengG<br><strong>\u00b0<\/strong> Bei uns erhalten Sie <strong>keine<\/strong> Schreckschusswaffen oder pyrotechnische Munition<br><strong>\u00b0<\/strong> Sie k\u00f6nnen bei uns auch mit EC-Karte bezahlen<strong><mark style=\"background-color:rgba(0, 0, 0, 0)\" class=\"has-inline-color has-vivid-red-color\"><\/mark><\/strong><\/p>\n\n\n\n<p style=\"line-height:1\">Alle Neuigkeiten gibt es immer auf unserer Facebook oder Instagram Seite.<\/p>\n\n\n\n<p style=\"line-height:1\">Effektvolle Gr\u00fc\u00dfe von den Pyro-Piraten<\/p>\n\n\n\n<p class=\"has-small-font-size\" style=\"line-height:1\"><small>* Bei uns k\u00f6nnen Sie das ganze Jahr Feuerwerk, au\u00dferhalb der offiziellen Verkaufstage, mit einer Ausnahmegenehmigung oder einem Gewerbeschein kaufen.<\/small><\/p>\n\n\n\n<p><\/p>\n","protected":false},"excerpt":{"rendered":"<p>Wer sind die Pyro-Piraten? Pyro-Piraten ist Ihr Feuerwerk-Fachh\u00e4ndler im Stuttgarter Neckartal seit 2014,wenn Sie professionelles und hochwertiges Feuerwerk kaufen m\u00f6chten! Wir sind ein anerkannter Fachh\u00e4ndler f\u00fcr:Raketen\u00a0 \u00b0 \u00a0 Batterien\u00a0 \u00b0 \u00a0 Knallartikel\u00a0 \u00b0\u00a0 LeuchtfeuerwerkWir bedanken uns bei allen Kunden die 2025 bei uns eingekauft haben,und w\u00fcnschen ein frohes und gesundes Jahr 2026!Ausserhalb der Ladenverkaufszeiten zu [&hellip;]<\/p>\n","protected":false},"author":1,"featured_media":0,"parent":0,"menu_order":0,"comment_status":"closed","ping_status":"closed","template":"","meta":{"footnotes":""},"class_list":["post-6","page","type-page","status-publish","hentry","entry"],"yoast_head":"<!-- This site is optimized with the Yoast SEO plugin v27.1.1 - https:\/\/yoast.com\/product\/yoast-seo-wordpress\/ -->\n<title>Home - Pyro-Piraten.de<\/title>\n<meta name=\"description\" content=\"Qualitativ hochwertiges Feuerwerk gibt es in Stuttgart bei den Pyro-Piraten zu kaufen. Verkauf und Beratung direkt vom Pyrotechniker\" \/>\n<meta name=\"robots\" content=\"index, follow, max-snippet:-1, max-image-preview:large, max-video-preview:-1\" \/>\n<link rel=\"canonical\" href=\"http:\/\/glootz.selfhost.eu\/\" \/>\n<meta property=\"og:locale\" content=\"de_DE\" \/>\n<meta property=\"og:type\" content=\"article\" \/>\n<meta property=\"og:title\" content=\"Home - Pyro-Piraten.de\" \/>\n<meta property=\"og:description\" content=\"Qualitativ hochwertiges Feuerwerk gibt es in Stuttgart bei den Pyro-Piraten zu kaufen. Verkauf und Beratung direkt vom Pyrotechniker\" \/>\n<meta property=\"og:url\" content=\"http:\/\/glootz.selfhost.eu\/\" \/>\n<meta property=\"og:site_name\" content=\"Pyro-Piraten.de\" \/>\n<meta property=\"article:modified_time\" content=\"2026-01-03T13:45:52+00:00\" \/>\n<meta name=\"twitter:card\" content=\"summary_large_image\" \/>\n<meta name=\"twitter:label1\" content=\"Gesch\u00e4tzte Lesezeit\" \/>\n\t<meta name=\"twitter:data1\" content=\"2\u00a0Minuten\" \/>\n<script type=\"application\/ld+json\" class=\"yoast-schema-graph\">{\"@context\":\"https:\/\/schema.org\",\"@graph\":[{\"@type\":\"WebPage\",\"@id\":\"http:\/\/glootz.selfhost.eu\/\",\"url\":\"http:\/\/glootz.selfhost.eu\/\",\"name\":\"Home - Pyro-Piraten.de\",\"isPartOf\":{\"@id\":\"http:\/\/glootz.selfhost.eu\/#website\"},\"datePublished\":\"2021-09-09T07:40:20+00:00\",\"dateModified\":\"2026-01-03T13:45:52+00:00\",\"description\":\"Qualitativ hochwertiges Feuerwerk gibt es in Stuttgart bei den Pyro-Piraten zu kaufen. Verkauf und Beratung direkt vom Pyrotechniker\",\"breadcrumb\":{\"@id\":\"http:\/\/glootz.selfhost.eu\/#breadcrumb\"},\"inLanguage\":\"de\",\"potentialAction\":[{\"@type\":\"ReadAction\",\"target\":[\"http:\/\/glootz.selfhost.eu\/\"]}]},{\"@type\":\"BreadcrumbList\",\"@id\":\"http:\/\/glootz.selfhost.eu\/#breadcrumb\",\"itemListElement\":[{\"@type\":\"ListItem\",\"position\":1,\"name\":\"Startseite\",\"item\":\"http:\/\/glootz.selfhost.eu\/\"},{\"@type\":\"ListItem\",\"position\":2,\"name\":\"Home\"}]},{\"@type\":\"WebSite\",\"@id\":\"http:\/\/glootz.selfhost.eu\/#website\",\"url\":\"http:\/\/glootz.selfhost.eu\/\",\"name\":\"Pyro-Piraten.de\",\"description\":\"Feurwerk kaufen in Stuttgart\",\"publisher\":{\"@id\":\"http:\/\/glootz.selfhost.eu\/#organization\"},\"potentialAction\":[{\"@type\":\"SearchAction\",\"target\":{\"@type\":\"EntryPoint\",\"urlTemplate\":\"http:\/\/glootz.selfhost.eu\/?s={search_term_string}\"},\"query-input\":{\"@type\":\"PropertyValueSpecification\",\"valueRequired\":true,\"valueName\":\"search_term_string\"}}],\"inLanguage\":\"de\"},{\"@type\":\"Organization\",\"@id\":\"http:\/\/glootz.selfhost.eu\/#organization\",\"name\":\"Pyro-Piraten.de\",\"url\":\"http:\/\/glootz.selfhost.eu\/\",\"logo\":{\"@type\":\"ImageObject\",\"inLanguage\":\"de\",\"@id\":\"http:\/\/glootz.selfhost.eu\/#\/schema\/logo\/image\/\",\"url\":\"http:\/\/glootz.selfhost.eu\/wp-content\/uploads\/2021\/09\/Pyro-Piraten.jpg\",\"contentUrl\":\"http:\/\/glootz.selfhost.eu\/wp-content\/uploads\/2021\/09\/Pyro-Piraten.jpg\",\"width\":640,\"height\":480,\"caption\":\"Pyro-Piraten.de\"},\"image\":{\"@id\":\"http:\/\/glootz.selfhost.eu\/#\/schema\/logo\/image\/\"}}]}<\/script>\n<!-- \/ Yoast SEO plugin. -->","yoast_head_json":{"title":"Home - Pyro-Piraten.de","description":"Qualitativ hochwertiges Feuerwerk gibt es in Stuttgart bei den Pyro-Piraten zu kaufen. Verkauf und Beratung direkt vom Pyrotechniker","robots":{"index":"index","follow":"follow","max-snippet":"max-snippet:-1","max-image-preview":"max-image-preview:large","max-video-preview":"max-video-preview:-1"},"canonical":"http:\/\/glootz.selfhost.eu\/","og_locale":"de_DE","og_type":"article","og_title":"Home - Pyro-Piraten.de","og_description":"Qualitativ hochwertiges Feuerwerk gibt es in Stuttgart bei den Pyro-Piraten zu kaufen. Verkauf und Beratung direkt vom Pyrotechniker","og_url":"http:\/\/glootz.selfhost.eu\/","og_site_name":"Pyro-Piraten.de","article_modified_time":"2026-01-03T13:45:52+00:00","twitter_card":"summary_large_image","twitter_misc":{"Gesch\u00e4tzte Lesezeit":"2\u00a0Minuten"},"schema":{"@context":"https:\/\/schema.org","@graph":[{"@type":"WebPage","@id":"http:\/\/glootz.selfhost.eu\/","url":"http:\/\/glootz.selfhost.eu\/","name":"Home - Pyro-Piraten.de","isPartOf":{"@id":"http:\/\/glootz.selfhost.eu\/#website"},"datePublished":"2021-09-09T07:40:20+00:00","dateModified":"2026-01-03T13:45:52+00:00","description":"Qualitativ hochwertiges Feuerwerk gibt es in Stuttgart bei den Pyro-Piraten zu kaufen. Verkauf und Beratung direkt vom Pyrotechniker","breadcrumb":{"@id":"http:\/\/glootz.selfhost.eu\/#breadcrumb"},"inLanguage":"de","potentialAction":[{"@type":"ReadAction","target":["http:\/\/glootz.selfhost.eu\/"]}]},{"@type":"BreadcrumbList","@id":"http:\/\/glootz.selfhost.eu\/#breadcrumb","itemListElement":[{"@type":"ListItem","position":1,"name":"Startseite","item":"http:\/\/glootz.selfhost.eu\/"},{"@type":"ListItem","position":2,"name":"Home"}]},{"@type":"WebSite","@id":"http:\/\/glootz.selfhost.eu\/#website","url":"http:\/\/glootz.selfhost.eu\/","name":"Pyro-Piraten.de","description":"Feurwerk kaufen in Stuttgart","publisher":{"@id":"http:\/\/glootz.selfhost.eu\/#organization"},"potentialAction":[{"@type":"SearchAction","target":{"@type":"EntryPoint","urlTemplate":"http:\/\/glootz.selfhost.eu\/?s={search_term_string}"},"query-input":{"@type":"PropertyValueSpecification","valueRequired":true,"valueName":"search_term_string"}}],"inLanguage":"de"},{"@type":"Organization","@id":"http:\/\/glootz.selfhost.eu\/#organization","name":"Pyro-Piraten.de","url":"http:\/\/glootz.selfhost.eu\/","logo":{"@type":"ImageObject","inLanguage":"de","@id":"http:\/\/glootz.selfhost.eu\/#\/schema\/logo\/image\/","url":"http:\/\/glootz.selfhost.eu\/wp-content\/uploads\/2021\/09\/Pyro-Piraten.jpg","contentUrl":"http:\/\/glootz.selfhost.eu\/wp-content\/uploads\/2021\/09\/Pyro-Piraten.jpg","width":640,"height":480,"caption":"Pyro-Piraten.de"},"image":{"@id":"http:\/\/glootz.selfhost.eu\/#\/schema\/logo\/image\/"}}]}},"_links":{"self":[{"href":"http:\/\/glootz.selfhost.eu\/index.php?rest_route=\/wp\/v2\/pages\/6","targetHints":{"allow":["GET"]}}],"collection":[{"href":"http:\/\/glootz.selfhost.eu\/index.php?rest_route=\/wp\/v2\/pages"}],"about":[{"href":"http:\/\/glootz.selfhost.eu\/index.php?rest_route=\/wp\/v2\/types\/page"}],"author":[{"embeddable":true,"href":"http:\/\/glootz.selfhost.eu\/index.php?rest_route=\/wp\/v2\/users\/1"}],"replies":[{"embeddable":true,"href":"http:\/\/glootz.selfhost.eu\/index.php?rest_route=%2Fwp%2Fv2%2Fcomments&post=6"}],"version-history":[{"count":139,"href":"http:\/\/glootz.selfhost.eu\/index.php?rest_route=\/wp\/v2\/pages\/6\/revisions"}],"predecessor-version":[{"id":1020,"href":"http:\/\/glootz.selfhost.eu\/index.php?rest_route=\/wp\/v2\/pages\/6\/revisions\/1020"}],"wp:attachment":[{"href":"http:\/\/glootz.selfhost.eu\/index.php?rest_route=%2Fwp%2Fv2%2Fmedia&parent=6"}],"curies":[{"name":"wp","href":"https:\/\/api.w.org\/{rel}","templated":true}]}}