{"id":28,"date":"2021-09-09T12:50:00","date_gmt":"2021-09-09T10:50:00","guid":{"rendered":"http:\/\/192.168.1.206\/?page_id=28"},"modified":"2023-12-22T22:57:29","modified_gmt":"2023-12-22T21:57:29","slug":"feuerwerk","status":"publish","type":"page","link":"http:\/\/glootz.selfhost.eu\/?page_id=28","title":{"rendered":"Feuerwerk"},"content":{"rendered":"\n<p style=\"line-height:1\">Feuerwerk &#8211; Eine der sch\u00f6nsten K\u00fcnste der Welt &#8230;<\/p>\n\n\n\n<p style=\"line-height:1\">&#8230;gleichwohl man nicht vergessen darf, dass es sich bei Feuerwerk um explosive Stoffe handelt,<br>von denen eine nicht unerhebliche Gefahr bei unsachgem\u00e4\u00dfer Handhabung ausgeht.<\/p>\n\n\n\n<p style=\"line-height:1\">Auch unter Piraten sind Augenklappen, Holzbeine und Hakenh\u00e4nde, die durch die Feuerwerkerei geschuldet sind, verp\u00f6hnt, deshalb sollte man sich immer an die Gebrauchsanweisung der Feuerwerksk\u00f6rper halten.<\/p>\n\n\n\n<p style=\"line-height:1\">Jugend-\/Ganzjahresfeuerwerk der Kategorie 1 ist das ganze Jahr erh\u00e4ltlich und darf ganzj\u00e4hrig gez\u00fcndet werden.<br>Feuerwerk der Kategorie 2 (Silvesterfeuerwerk) darf bei uns nur am 31.12 sowie am 1.1 abgebrannt werden, hier gibt es regionale Besonderheiten.<br><br>F\u00fcr die \u00fcbrige Zeit ben\u00f6tigt man eine Ausnahmegenehmigung und eventuell die Einverst\u00e4ndniserkl\u00e4rung des Grundst\u00fcckbesitzers, auf dem das Feuerwerk abgebrannt werden soll. Eine Vorlage des Antrags k\u00f6nnen Sie hier als PDF herunterladen. <a href=\"\/wp-content\/uploads\/2021\/09\/Antrag.pdf\" target=\"_blank\" rel=\"noreferrer noopener nofollow\">Download<\/a><br>Bitte beachten Sie, dass der Antrag sp\u00e4testens zwei Wochen vor dem Feuerwerk beim Ordnunsamt eingehen muss.<br><br>F\u00fcr die Kategorie 3 und 4 ben\u00f6tigen Sie eine spezielle Genehmigung (Bef\u00e4higungsschein) bzw. Ausbildung.<\/p>\n\n\n\n<p style=\"line-height:1\">Der regul\u00e4re Verkauf von Silvesterfeuerwerk an Privatpersonen ist nur an den letzten drei Arbeitstagen im Jahr gestattet. Ausgenommen hiervon sind Gewerbetreibende mit einem g\u00fcltigen Gewerbeschein, Inhaber eines Bef\u00e4higungsscheines oder einer Ausnahmegenehmigung.<\/p>\n\n\n\n<p style=\"line-height:1\">Der Versand von Feuerwerk muss immer als Gefahrengutversand erfolgen, dieser ist teuer und wird von uns nicht angeboten.<\/p>\n","protected":false},"excerpt":{"rendered":"<p>Feuerwerk &#8211; Eine der sch\u00f6nsten K\u00fcnste der Welt &#8230; &#8230;gleichwohl man nicht vergessen darf, dass es sich bei Feuerwerk um explosive Stoffe handelt,von denen eine nicht unerhebliche Gefahr bei unsachgem\u00e4\u00dfer Handhabung ausgeht. Auch unter Piraten sind Augenklappen, Holzbeine und Hakenh\u00e4nde, die durch die Feuerwerkerei geschuldet sind, verp\u00f6hnt, deshalb sollte man sich immer an die Gebrauchsanweisung [&hellip;]<\/p>\n","protected":false},"author":1,"featured_media":0,"parent":0,"menu_order":0,"comment_status":"closed","ping_status":"closed","template":"","meta":{"footnotes":""},"class_list":["post-28","page","type-page","status-publish","hentry","entry"],"yoast_head":"<!-- This site is optimized with the Yoast SEO plugin v27.1.1 - https:\/\/yoast.com\/product\/yoast-seo-wordpress\/ -->\n<title>Feuerwerk - Pyro-Piraten.de<\/title>\n<meta name=\"robots\" content=\"index, follow, max-snippet:-1, max-image-preview:large, max-video-preview:-1\" \/>\n<link rel=\"canonical\" href=\"http:\/\/glootz.selfhost.eu\/?page_id=28\" \/>\n<meta property=\"og:locale\" content=\"de_DE\" \/>\n<meta property=\"og:type\" content=\"article\" \/>\n<meta property=\"og:title\" content=\"Feuerwerk - Pyro-Piraten.de\" \/>\n<meta property=\"og:description\" content=\"Feuerwerk &#8211; Eine der sch\u00f6nsten K\u00fcnste der Welt &#8230; &#8230;gleichwohl man nicht vergessen darf, dass es sich bei Feuerwerk um explosive Stoffe handelt,von denen eine nicht unerhebliche Gefahr bei unsachgem\u00e4\u00dfer Handhabung ausgeht. Auch unter Piraten sind Augenklappen, Holzbeine und Hakenh\u00e4nde, die durch die Feuerwerkerei geschuldet sind, verp\u00f6hnt, deshalb sollte man sich immer an die Gebrauchsanweisung [&hellip;]\" \/>\n<meta property=\"og:url\" content=\"http:\/\/glootz.selfhost.eu\/?page_id=28\" \/>\n<meta property=\"og:site_name\" content=\"Pyro-Piraten.de\" \/>\n<meta property=\"article:modified_time\" content=\"2023-12-22T21:57:29+00:00\" \/>\n<meta name=\"twitter:card\" content=\"summary_large_image\" \/>\n<meta name=\"twitter:label1\" content=\"Gesch\u00e4tzte Lesezeit\" \/>\n\t<meta name=\"twitter:data1\" content=\"2\u00a0Minuten\" \/>\n<script type=\"application\/ld+json\" class=\"yoast-schema-graph\">{\"@context\":\"https:\/\/schema.org\",\"@graph\":[{\"@type\":\"WebPage\",\"@id\":\"http:\/\/glootz.selfhost.eu\/?page_id=28\",\"url\":\"http:\/\/glootz.selfhost.eu\/?page_id=28\",\"name\":\"Feuerwerk - Pyro-Piraten.de\",\"isPartOf\":{\"@id\":\"http:\/\/glootz.selfhost.eu\/#website\"},\"datePublished\":\"2021-09-09T10:50:00+00:00\",\"dateModified\":\"2023-12-22T21:57:29+00:00\",\"breadcrumb\":{\"@id\":\"http:\/\/glootz.selfhost.eu\/?page_id=28#breadcrumb\"},\"inLanguage\":\"de\",\"potentialAction\":[{\"@type\":\"ReadAction\",\"target\":[\"http:\/\/glootz.selfhost.eu\/?page_id=28\"]}]},{\"@type\":\"BreadcrumbList\",\"@id\":\"http:\/\/glootz.selfhost.eu\/?page_id=28#breadcrumb\",\"itemListElement\":[{\"@type\":\"ListItem\",\"position\":1,\"name\":\"Startseite\",\"item\":\"http:\/\/glootz.selfhost.eu\/\"},{\"@type\":\"ListItem\",\"position\":2,\"name\":\"Feuerwerk\"}]},{\"@type\":\"WebSite\",\"@id\":\"http:\/\/glootz.selfhost.eu\/#website\",\"url\":\"http:\/\/glootz.selfhost.eu\/\",\"name\":\"Pyro-Piraten.de\",\"description\":\"Feurwerk kaufen in Stuttgart\",\"publisher\":{\"@id\":\"http:\/\/glootz.selfhost.eu\/#organization\"},\"potentialAction\":[{\"@type\":\"SearchAction\",\"target\":{\"@type\":\"EntryPoint\",\"urlTemplate\":\"http:\/\/glootz.selfhost.eu\/?s={search_term_string}\"},\"query-input\":{\"@type\":\"PropertyValueSpecification\",\"valueRequired\":true,\"valueName\":\"search_term_string\"}}],\"inLanguage\":\"de\"},{\"@type\":\"Organization\",\"@id\":\"http:\/\/glootz.selfhost.eu\/#organization\",\"name\":\"Pyro-Piraten.de\",\"url\":\"http:\/\/glootz.selfhost.eu\/\",\"logo\":{\"@type\":\"ImageObject\",\"inLanguage\":\"de\",\"@id\":\"http:\/\/glootz.selfhost.eu\/#\/schema\/logo\/image\/\",\"url\":\"http:\/\/glootz.selfhost.eu\/wp-content\/uploads\/2021\/09\/Pyro-Piraten.jpg\",\"contentUrl\":\"http:\/\/glootz.selfhost.eu\/wp-content\/uploads\/2021\/09\/Pyro-Piraten.jpg\",\"width\":640,\"height\":480,\"caption\":\"Pyro-Piraten.de\"},\"image\":{\"@id\":\"http:\/\/glootz.selfhost.eu\/#\/schema\/logo\/image\/\"}}]}<\/script>\n<!-- \/ Yoast SEO plugin. -->","yoast_head_json":{"title":"Feuerwerk - Pyro-Piraten.de","robots":{"index":"index","follow":"follow","max-snippet":"max-snippet:-1","max-image-preview":"max-image-preview:large","max-video-preview":"max-video-preview:-1"},"canonical":"http:\/\/glootz.selfhost.eu\/?page_id=28","og_locale":"de_DE","og_type":"article","og_title":"Feuerwerk - Pyro-Piraten.de","og_description":"Feuerwerk &#8211; Eine der sch\u00f6nsten K\u00fcnste der Welt &#8230; &#8230;gleichwohl man nicht vergessen darf, dass es sich bei Feuerwerk um explosive Stoffe handelt,von denen eine nicht unerhebliche Gefahr bei unsachgem\u00e4\u00dfer Handhabung ausgeht. Auch unter Piraten sind Augenklappen, Holzbeine und Hakenh\u00e4nde, die durch die Feuerwerkerei geschuldet sind, verp\u00f6hnt, deshalb sollte man sich immer an die Gebrauchsanweisung [&hellip;]","og_url":"http:\/\/glootz.selfhost.eu\/?page_id=28","og_site_name":"Pyro-Piraten.de","article_modified_time":"2023-12-22T21:57:29+00:00","twitter_card":"summary_large_image","twitter_misc":{"Gesch\u00e4tzte Lesezeit":"2\u00a0Minuten"},"schema":{"@context":"https:\/\/schema.org","@graph":[{"@type":"WebPage","@id":"http:\/\/glootz.selfhost.eu\/?page_id=28","url":"http:\/\/glootz.selfhost.eu\/?page_id=28","name":"Feuerwerk - Pyro-Piraten.de","isPartOf":{"@id":"http:\/\/glootz.selfhost.eu\/#website"},"datePublished":"2021-09-09T10:50:00+00:00","dateModified":"2023-12-22T21:57:29+00:00","breadcrumb":{"@id":"http:\/\/glootz.selfhost.eu\/?page_id=28#breadcrumb"},"inLanguage":"de","potentialAction":[{"@type":"ReadAction","target":["http:\/\/glootz.selfhost.eu\/?page_id=28"]}]},{"@type":"BreadcrumbList","@id":"http:\/\/glootz.selfhost.eu\/?page_id=28#breadcrumb","itemListElement":[{"@type":"ListItem","position":1,"name":"Startseite","item":"http:\/\/glootz.selfhost.eu\/"},{"@type":"ListItem","position":2,"name":"Feuerwerk"}]},{"@type":"WebSite","@id":"http:\/\/glootz.selfhost.eu\/#website","url":"http:\/\/glootz.selfhost.eu\/","name":"Pyro-Piraten.de","description":"Feurwerk kaufen in Stuttgart","publisher":{"@id":"http:\/\/glootz.selfhost.eu\/#organization"},"potentialAction":[{"@type":"SearchAction","target":{"@type":"EntryPoint","urlTemplate":"http:\/\/glootz.selfhost.eu\/?s={search_term_string}"},"query-input":{"@type":"PropertyValueSpecification","valueRequired":true,"valueName":"search_term_string"}}],"inLanguage":"de"},{"@type":"Organization","@id":"http:\/\/glootz.selfhost.eu\/#organization","name":"Pyro-Piraten.de","url":"http:\/\/glootz.selfhost.eu\/","logo":{"@type":"ImageObject","inLanguage":"de","@id":"http:\/\/glootz.selfhost.eu\/#\/schema\/logo\/image\/","url":"http:\/\/glootz.selfhost.eu\/wp-content\/uploads\/2021\/09\/Pyro-Piraten.jpg","contentUrl":"http:\/\/glootz.selfhost.eu\/wp-content\/uploads\/2021\/09\/Pyro-Piraten.jpg","width":640,"height":480,"caption":"Pyro-Piraten.de"},"image":{"@id":"http:\/\/glootz.selfhost.eu\/#\/schema\/logo\/image\/"}}]}},"_links":{"self":[{"href":"http:\/\/glootz.selfhost.eu\/index.php?rest_route=\/wp\/v2\/pages\/28","targetHints":{"allow":["GET"]}}],"collection":[{"href":"http:\/\/glootz.selfhost.eu\/index.php?rest_route=\/wp\/v2\/pages"}],"about":[{"href":"http:\/\/glootz.selfhost.eu\/index.php?rest_route=\/wp\/v2\/types\/page"}],"author":[{"embeddable":true,"href":"http:\/\/glootz.selfhost.eu\/index.php?rest_route=\/wp\/v2\/users\/1"}],"replies":[{"embeddable":true,"href":"http:\/\/glootz.selfhost.eu\/index.php?rest_route=%2Fwp%2Fv2%2Fcomments&post=28"}],"version-history":[{"count":17,"href":"http:\/\/glootz.selfhost.eu\/index.php?rest_route=\/wp\/v2\/pages\/28\/revisions"}],"predecessor-version":[{"id":704,"href":"http:\/\/glootz.selfhost.eu\/index.php?rest_route=\/wp\/v2\/pages\/28\/revisions\/704"}],"wp:attachment":[{"href":"http:\/\/glootz.selfhost.eu\/index.php?rest_route=%2Fwp%2Fv2%2Fmedia&parent=28"}],"curies":[{"name":"wp","href":"https:\/\/api.w.org\/{rel}","templated":true}]}}