{"id":27,"date":"2021-09-09T12:50:00","date_gmt":"2021-09-09T10:50:00","guid":{"rendered":"http:\/\/192.168.1.206\/?page_id=27"},"modified":"2025-09-10T18:11:36","modified_gmt":"2025-09-10T16:11:36","slug":"anfahrt","status":"publish","type":"page","link":"http:\/\/glootz.selfhost.eu\/?page_id=27","title":{"rendered":"Anfahrt"},"content":{"rendered":"\n<p>Der Verkauf wird 2025 bei folgender Adresse stattfinden:<\/p>\n\n\n\n<p><strong>Augsburger Stra\u00dfe 515<br>70327 Stuttgart &#8211; Untert\u00fcrkheim<\/strong><\/p>\n\n\n\n<div style=\"width: 600px;\"><iframe loading=\"lazy\" marginheight=\"0\" marginwidth=\"0\" src=\"https:\/\/www.openstreetmap.org\/export\/embed.html?bbox=9.25500%2C48.770500%2C9.26000%2C48.77600&amp;layer=mapnik&amp;marker=48.77299173680258%2C9.261571168899536\" style=\"border: 0px solid black;\" scrolling=\"no\" width=\"600\" height=\"400\" frameborder=\"0\"><\/iframe><br>\n<\/div>\n\n\n\n<p><br>Kostenlose Parkpl\u00e4tze am Laden vorhanden<br><br><strong>Anfahrt mit den \u00f6ffentlichen Verkehrsmitteln:<\/strong><\/p>\n\n\n\n<p>Ab Haltestelle Untert\u00fcrkheim (S1\/U4\/U13\/Bus 61)<br>mit Buslinie 61 Richtung Obert\u00fcrkheim<br>bis Haltestelle Neckarhalde (2 Stopps)<br>(Fu\u00dfweg 3 Min. bis Ziel)<\/p>\n\n\n\n<p>Ab Haltestelle Obert\u00fcrkheim (S1\/Bus 62\/Bus61)<br>mit Buslinie 61 Richtung Rotenberg<br>bis Haltestelle Neckarhalde (4 Stopps)<br>(Fu\u00dfweg 3 Min. bis Ziel)<\/p>\n","protected":false},"excerpt":{"rendered":"<p>Der Verkauf wird 2025 bei folgender Adresse stattfinden: Augsburger Stra\u00dfe 51570327 Stuttgart &#8211; Untert\u00fcrkheim Kostenlose Parkpl\u00e4tze am Laden vorhanden Anfahrt mit den \u00f6ffentlichen Verkehrsmitteln: Ab Haltestelle Untert\u00fcrkheim (S1\/U4\/U13\/Bus 61)mit Buslinie 61 Richtung Obert\u00fcrkheimbis Haltestelle Neckarhalde (2 Stopps)(Fu\u00dfweg 3 Min. bis Ziel) Ab Haltestelle Obert\u00fcrkheim (S1\/Bus 62\/Bus61)mit Buslinie 61 Richtung Rotenbergbis Haltestelle Neckarhalde (4 Stopps)(Fu\u00dfweg 3 [&hellip;]<\/p>\n","protected":false},"author":1,"featured_media":0,"parent":0,"menu_order":0,"comment_status":"closed","ping_status":"closed","template":"","meta":{"footnotes":""},"class_list":["post-27","page","type-page","status-publish","hentry","entry"],"yoast_head":"<!-- This site is optimized with the Yoast SEO plugin v27.1.1 - https:\/\/yoast.com\/product\/yoast-seo-wordpress\/ -->\n<title>Anfahrt - Pyro-Piraten.de<\/title>\n<meta name=\"robots\" content=\"index, follow, max-snippet:-1, max-image-preview:large, max-video-preview:-1\" \/>\n<link rel=\"canonical\" href=\"http:\/\/glootz.selfhost.eu\/?page_id=27\" \/>\n<meta property=\"og:locale\" content=\"de_DE\" \/>\n<meta property=\"og:type\" content=\"article\" \/>\n<meta property=\"og:title\" content=\"Anfahrt - Pyro-Piraten.de\" \/>\n<meta property=\"og:description\" content=\"Der Verkauf wird 2025 bei folgender Adresse stattfinden: Augsburger Stra\u00dfe 51570327 Stuttgart &#8211; Untert\u00fcrkheim Kostenlose Parkpl\u00e4tze am Laden vorhanden Anfahrt mit den \u00f6ffentlichen Verkehrsmitteln: Ab Haltestelle Untert\u00fcrkheim (S1\/U4\/U13\/Bus 61)mit Buslinie 61 Richtung Obert\u00fcrkheimbis Haltestelle Neckarhalde (2 Stopps)(Fu\u00dfweg 3 Min. bis Ziel) Ab Haltestelle Obert\u00fcrkheim (S1\/Bus 62\/Bus61)mit Buslinie 61 Richtung Rotenbergbis Haltestelle Neckarhalde (4 Stopps)(Fu\u00dfweg 3 [&hellip;]\" \/>\n<meta property=\"og:url\" content=\"http:\/\/glootz.selfhost.eu\/?page_id=27\" \/>\n<meta property=\"og:site_name\" content=\"Pyro-Piraten.de\" \/>\n<meta property=\"article:modified_time\" content=\"2025-09-10T16:11:36+00:00\" \/>\n<meta name=\"twitter:card\" content=\"summary_large_image\" \/>\n<meta name=\"twitter:label1\" content=\"Gesch\u00e4tzte Lesezeit\" \/>\n\t<meta name=\"twitter:data1\" content=\"1\u00a0Minute\" \/>\n<script type=\"application\/ld+json\" class=\"yoast-schema-graph\">{\"@context\":\"https:\/\/schema.org\",\"@graph\":[{\"@type\":\"WebPage\",\"@id\":\"http:\/\/glootz.selfhost.eu\/?page_id=27\",\"url\":\"http:\/\/glootz.selfhost.eu\/?page_id=27\",\"name\":\"Anfahrt - Pyro-Piraten.de\",\"isPartOf\":{\"@id\":\"http:\/\/glootz.selfhost.eu\/#website\"},\"datePublished\":\"2021-09-09T10:50:00+00:00\",\"dateModified\":\"2025-09-10T16:11:36+00:00\",\"breadcrumb\":{\"@id\":\"http:\/\/glootz.selfhost.eu\/?page_id=27#breadcrumb\"},\"inLanguage\":\"de\",\"potentialAction\":[{\"@type\":\"ReadAction\",\"target\":[\"http:\/\/glootz.selfhost.eu\/?page_id=27\"]}]},{\"@type\":\"BreadcrumbList\",\"@id\":\"http:\/\/glootz.selfhost.eu\/?page_id=27#breadcrumb\",\"itemListElement\":[{\"@type\":\"ListItem\",\"position\":1,\"name\":\"Startseite\",\"item\":\"http:\/\/glootz.selfhost.eu\/\"},{\"@type\":\"ListItem\",\"position\":2,\"name\":\"Anfahrt\"}]},{\"@type\":\"WebSite\",\"@id\":\"http:\/\/glootz.selfhost.eu\/#website\",\"url\":\"http:\/\/glootz.selfhost.eu\/\",\"name\":\"Pyro-Piraten.de\",\"description\":\"Feurwerk kaufen in Stuttgart\",\"publisher\":{\"@id\":\"http:\/\/glootz.selfhost.eu\/#organization\"},\"potentialAction\":[{\"@type\":\"SearchAction\",\"target\":{\"@type\":\"EntryPoint\",\"urlTemplate\":\"http:\/\/glootz.selfhost.eu\/?s={search_term_string}\"},\"query-input\":{\"@type\":\"PropertyValueSpecification\",\"valueRequired\":true,\"valueName\":\"search_term_string\"}}],\"inLanguage\":\"de\"},{\"@type\":\"Organization\",\"@id\":\"http:\/\/glootz.selfhost.eu\/#organization\",\"name\":\"Pyro-Piraten.de\",\"url\":\"http:\/\/glootz.selfhost.eu\/\",\"logo\":{\"@type\":\"ImageObject\",\"inLanguage\":\"de\",\"@id\":\"http:\/\/glootz.selfhost.eu\/#\/schema\/logo\/image\/\",\"url\":\"http:\/\/glootz.selfhost.eu\/wp-content\/uploads\/2021\/09\/Pyro-Piraten.jpg\",\"contentUrl\":\"http:\/\/glootz.selfhost.eu\/wp-content\/uploads\/2021\/09\/Pyro-Piraten.jpg\",\"width\":640,\"height\":480,\"caption\":\"Pyro-Piraten.de\"},\"image\":{\"@id\":\"http:\/\/glootz.selfhost.eu\/#\/schema\/logo\/image\/\"}}]}<\/script>\n<!-- \/ Yoast SEO plugin. -->","yoast_head_json":{"title":"Anfahrt - Pyro-Piraten.de","robots":{"index":"index","follow":"follow","max-snippet":"max-snippet:-1","max-image-preview":"max-image-preview:large","max-video-preview":"max-video-preview:-1"},"canonical":"http:\/\/glootz.selfhost.eu\/?page_id=27","og_locale":"de_DE","og_type":"article","og_title":"Anfahrt - Pyro-Piraten.de","og_description":"Der Verkauf wird 2025 bei folgender Adresse stattfinden: Augsburger Stra\u00dfe 51570327 Stuttgart &#8211; Untert\u00fcrkheim Kostenlose Parkpl\u00e4tze am Laden vorhanden Anfahrt mit den \u00f6ffentlichen Verkehrsmitteln: Ab Haltestelle Untert\u00fcrkheim (S1\/U4\/U13\/Bus 61)mit Buslinie 61 Richtung Obert\u00fcrkheimbis Haltestelle Neckarhalde (2 Stopps)(Fu\u00dfweg 3 Min. bis Ziel) Ab Haltestelle Obert\u00fcrkheim (S1\/Bus 62\/Bus61)mit Buslinie 61 Richtung Rotenbergbis Haltestelle Neckarhalde (4 Stopps)(Fu\u00dfweg 3 [&hellip;]","og_url":"http:\/\/glootz.selfhost.eu\/?page_id=27","og_site_name":"Pyro-Piraten.de","article_modified_time":"2025-09-10T16:11:36+00:00","twitter_card":"summary_large_image","twitter_misc":{"Gesch\u00e4tzte Lesezeit":"1\u00a0Minute"},"schema":{"@context":"https:\/\/schema.org","@graph":[{"@type":"WebPage","@id":"http:\/\/glootz.selfhost.eu\/?page_id=27","url":"http:\/\/glootz.selfhost.eu\/?page_id=27","name":"Anfahrt - Pyro-Piraten.de","isPartOf":{"@id":"http:\/\/glootz.selfhost.eu\/#website"},"datePublished":"2021-09-09T10:50:00+00:00","dateModified":"2025-09-10T16:11:36+00:00","breadcrumb":{"@id":"http:\/\/glootz.selfhost.eu\/?page_id=27#breadcrumb"},"inLanguage":"de","potentialAction":[{"@type":"ReadAction","target":["http:\/\/glootz.selfhost.eu\/?page_id=27"]}]},{"@type":"BreadcrumbList","@id":"http:\/\/glootz.selfhost.eu\/?page_id=27#breadcrumb","itemListElement":[{"@type":"ListItem","position":1,"name":"Startseite","item":"http:\/\/glootz.selfhost.eu\/"},{"@type":"ListItem","position":2,"name":"Anfahrt"}]},{"@type":"WebSite","@id":"http:\/\/glootz.selfhost.eu\/#website","url":"http:\/\/glootz.selfhost.eu\/","name":"Pyro-Piraten.de","description":"Feurwerk kaufen in Stuttgart","publisher":{"@id":"http:\/\/glootz.selfhost.eu\/#organization"},"potentialAction":[{"@type":"SearchAction","target":{"@type":"EntryPoint","urlTemplate":"http:\/\/glootz.selfhost.eu\/?s={search_term_string}"},"query-input":{"@type":"PropertyValueSpecification","valueRequired":true,"valueName":"search_term_string"}}],"inLanguage":"de"},{"@type":"Organization","@id":"http:\/\/glootz.selfhost.eu\/#organization","name":"Pyro-Piraten.de","url":"http:\/\/glootz.selfhost.eu\/","logo":{"@type":"ImageObject","inLanguage":"de","@id":"http:\/\/glootz.selfhost.eu\/#\/schema\/logo\/image\/","url":"http:\/\/glootz.selfhost.eu\/wp-content\/uploads\/2021\/09\/Pyro-Piraten.jpg","contentUrl":"http:\/\/glootz.selfhost.eu\/wp-content\/uploads\/2021\/09\/Pyro-Piraten.jpg","width":640,"height":480,"caption":"Pyro-Piraten.de"},"image":{"@id":"http:\/\/glootz.selfhost.eu\/#\/schema\/logo\/image\/"}}]}},"_links":{"self":[{"href":"http:\/\/glootz.selfhost.eu\/index.php?rest_route=\/wp\/v2\/pages\/27","targetHints":{"allow":["GET"]}}],"collection":[{"href":"http:\/\/glootz.selfhost.eu\/index.php?rest_route=\/wp\/v2\/pages"}],"about":[{"href":"http:\/\/glootz.selfhost.eu\/index.php?rest_route=\/wp\/v2\/types\/page"}],"author":[{"embeddable":true,"href":"http:\/\/glootz.selfhost.eu\/index.php?rest_route=\/wp\/v2\/users\/1"}],"replies":[{"embeddable":true,"href":"http:\/\/glootz.selfhost.eu\/index.php?rest_route=%2Fwp%2Fv2%2Fcomments&post=27"}],"version-history":[{"count":14,"href":"http:\/\/glootz.selfhost.eu\/index.php?rest_route=\/wp\/v2\/pages\/27\/revisions"}],"predecessor-version":[{"id":934,"href":"http:\/\/glootz.selfhost.eu\/index.php?rest_route=\/wp\/v2\/pages\/27\/revisions\/934"}],"wp:attachment":[{"href":"http:\/\/glootz.selfhost.eu\/index.php?rest_route=%2Fwp%2Fv2%2Fmedia&parent=27"}],"curies":[{"name":"wp","href":"https:\/\/api.w.org\/{rel}","templated":true}]}}