{"id":26,"date":"2021-09-09T12:49:59","date_gmt":"2021-09-09T10:49:59","guid":{"rendered":"http:\/\/192.168.1.206\/?page_id=26"},"modified":"2025-12-20T15:59:26","modified_gmt":"2025-12-20T14:59:26","slug":"shop","status":"publish","type":"page","link":"http:\/\/glootz.selfhost.eu\/?page_id=26","title":{"rendered":"Shop"},"content":{"rendered":"\n<h2 class=\"wp-block-heading\">Anz\u00fcndmittel &amp; Hilfsmittel<\/h2>\n\n\n\n<figure class=\"wp-block-table\"><table><tbody><tr><td>Artikelnummer<\/td><td>Bezeichnung<\/td><td>Artikelnummer<\/td><td>Bezeichnung<\/td><td>Artikelnummer<\/td><td>Bezeichnung<\/td><\/tr><tr><td><\/td><td><a href=\"\/wp-content\/uploads\/2021\/10\/GrueneVisco.jpg\" target=\"_blank\" rel=\"noreferrer noopener\">Gr\u00fcneVisco<\/a><\/td><td><\/td><td><a href=\"\/wp-content\/uploads\/2021\/10\/Anuendlitze_gelb.jpg\" target=\"_blank\" rel=\"noreferrer noopener\">Gelbe Anz\u00fcndlitze<\/a><\/td><td><a href=\"\/Users\/Dajoni%20AG\/Documents\/PP\/Homepage\/image\/Anuendlitze_gelb.jpg\" target=\"_blank\" rel=\"noreferrer noopener\"><\/a><\/td><td><a href=\"\/wp-content\/uploads\/2021\/10\/Anuendlitze_rot.jpg\" target=\"_blank\" rel=\"noreferrer noopener\">Rote Anz\u00fcndlitze<\/a><\/td><\/tr><tr><td><\/td><td>Anz\u00fcndband \/ Tapematch<a href=\"\/Users\/Dajoni%20AG\/Documents\/PP\/Homepage\/image\/BBGrueneVisco.jpg\" target=\"_blank\" rel=\"noreferrer noopener\"><\/a><\/td><td>Blackboxx 77510<\/td><td><a href=\"http:\/\/glootz.selfhost.eu\/wp-content\/uploads\/2024\/12\/blackboxx-starbase-10-raketenstaender.jpg\" target=\"_blank\" rel=\"noreferrer noopener\">Profi-Raketenst\u00e4nder<\/a><\/td><td><\/td><td><\/td><\/tr><\/tbody><\/table><figcaption class=\"wp-element-caption\">Aktuell 2025 \/ Durchgestrichen leider ausverkauft<\/figcaption><\/figure>\n\n\n\n<h2 class=\"wp-block-heading\">FIREevent<\/h2>\n\n\n\n<figure class=\"wp-block-table\"><table><tbody><tr><td>Artikelnummer<\/td><td>Bezeichnung<\/td><td>Artikelnummer<\/td><td>Bezeichnung<\/td><td>Artikelnummer<\/td><td>Bezeichnung<\/td><\/tr><tr><td>CB75-003-23<\/td><td><a href=\"https:\/\/youtu.be\/s1DqIU8MSxE?si=HSFRZ01XV09dFWFz\" target=\"_blank\" rel=\"noreferrer noopener\">Nemesis<\/a><\/td><td>KN030-014<\/td><td><a href=\"http:\/\/glootz.selfhost.eu\/wp-content\/uploads\/2021\/10\/RoterKorsar.jpg\" target=\"_blank\" rel=\"noreferrer noopener\">Roter Korsar<\/a><\/td><td>KN30-013B<\/td><td> <a href=\"https:\/\/youtu.be\/iC72Lo3oxKY\" target=\"_blank\" rel=\"noreferrer noopener\">The King<\/a><\/td><\/tr><\/tbody><\/table><figcaption class=\"wp-element-caption\">Aktuell 2025 \/ Durchgestrichen leider ausverkauft<\/figcaption><\/figure>\n\n\n\n<h2 class=\"wp-block-heading\">Pulver<\/h2>\n\n\n\n<figure class=\"wp-block-table\"><table><tbody><tr><td>Artikelnummer<\/td><td>Bezeichnung<\/td><td>Artikelnummer<\/td><td>Bezeichnung<\/td><td>Artikelnummer<\/td><td>Bezeichnung<\/td><\/tr><tr><td>PP-LF-LH-3<\/td><td><a href=\"http:\/\/glootz.selfhost.eu\/wp-content\/uploads\/2023\/12\/PP-LF-LH-3.jpg\" target=\"_blank\" rel=\"noreferrer noopener\">Luftpfeifer rot<\/a><\/td><td>PP-BW-30-24-01<\/td><td><a href=\"https:\/\/youtu.be\/aCQjHh-2Aig\" target=\"_blank\" rel=\"noreferrer noopener\">Color Kamuro<\/a><\/td><td>PP-BF-30-25-01<\/td><td><a href=\"https:\/\/youtu.be\/-qHVuI05T64\" target=\"_blank\" rel=\"noreferrer noopener\">Silvester Regen<\/a><\/td><\/tr><tr><td>PP-LF-LH-2<\/td><td><a href=\"http:\/\/glootz.selfhost.eu\/wp-content\/uploads\/2023\/12\/PP-LF-LH-2.jpg\" target=\"_blank\" rel=\"noreferrer noopener\">Luftpfeifer silber<\/a><\/td><td>PP-BI-30-19-03<\/td><td><a href=\"https:\/\/youtu.be\/avBbybypVRg\" target=\"_blank\" rel=\"noreferrer noopener\">Color Palmen<\/a><\/td><td>PP-RL-GAT-01<\/td><td><a href=\"https:\/\/youtu.be\/8jfEbUoEMIs\" target=\"_blank\" rel=\"noreferrer noopener\">Mega Gattling<\/a><\/td><\/tr><tr><td>PP-LF-LH-1<\/td><td><a href=\"http:\/\/glootz.selfhost.eu\/wp-content\/uploads\/2023\/12\/PP-LF-LH-1.jpg\" target=\"_blank\" rel=\"noreferrer noopener\">Luftpfeifer retro<\/a><\/td><td>PP-BI-30-19-04<\/td><td><a href=\"https:\/\/youtu.be\/oY9bWqHaDPg\" target=\"_blank\" rel=\"noreferrer noopener\">Neon Dreams<\/a><\/td><td>PP-RL-GAT-04<\/td><td><a href=\"https:\/\/youtu.be\/8jfEbUoEMIs?si=JbLmFGovCLnfldut\" target=\"_blank\" rel=\"noreferrer noopener\">Kometensturm<\/a><\/td><\/tr><tr><td>PP-LF-01<\/td><td><a href=\"https:\/\/youtu.be\/SGblbaWT0Pk\" target=\"_blank\" rel=\"noreferrer noopener\">Flotte Biene &#8211; 15 Stk.<\/a><\/td><td>PP-BI-20-16-02<\/td><td><a href=\"https:\/\/youtu.be\/70gwX3iJL_M?si=rJQ4vhJDC-R55qrM\" target=\"_blank\" rel=\"noreferrer noopener\">Goldrausch<\/a><\/td><td>PP-SE-30-01<\/td><td><a href=\"https:\/\/youtu.be\/vEC51Bwih1U\" target=\"_blank\" rel=\"noreferrer noopener\">Single Shots<\/a><\/td><\/tr><tr><td>PP-K-12<\/td><td><a href=\"https:\/\/youtu.be\/HZr1ONqw2nk\" target=\"_blank\" rel=\"noreferrer noopener\">Cracker Balls<\/a><\/td><td>PP-BI-20-16-01<\/td><td><a href=\"https:\/\/youtu.be\/hFg4soPDfrI?si=MJosS6iqWOUczYU7\" target=\"_blank\" rel=\"noreferrer noopener\">Crackersterne<\/a><\/td><td>PP-R-FL-02<\/td><td><a href=\"https:\/\/youtu.be\/PRyk8dwNjkA?si=5uAHocD2Cd4bbWBf\" target=\"_blank\" rel=\"noreferrer noopener\">Sternschnuppen Raketen<\/a><\/td><\/tr><tr><td>PP-K-SBI-500<\/td><td><a href=\"https:\/\/youtu.be\/yamARlYkKWM?si=TRhblHgT-dRSwVZ2\" target=\"_blank\" rel=\"noreferrer noopener\">Tiger Super B\u00f6ller 1<\/a><\/td><td>PP-SE-30-01<\/td><td><a href=\"https:\/\/youtu.be\/vEC51Bwih1U?si=p9OWoPwnSePURu-g\" target=\"_blank\" rel=\"noreferrer noopener\">Effect Single Shots<\/a><\/td><td>PP-VB-30-100-F1<\/td><td><a href=\"https:\/\/youtu.be\/Ejjo3sZ1p-E?si=eE1zXJrecSaWGkz_\" target=\"_blank\" rel=\"noreferrer noopener\">Traumfunken<\/a><\/td><\/tr><tr><td><\/td><td><\/td><td>PP-R-RF-03<\/td><td><a href=\"https:\/\/youtu.be\/hF1FRhmKga4?si=gAPv6dOrRcc7nOAY\" target=\"_blank\" rel=\"noreferrer noopener\">Scream Wolf<\/a><\/td><td>PP-SHR-40-PVC<\/td><td><a href=\"https:\/\/youtu.be\/pKrKk5ege5o?si=kctRbPQ4CUt-G8yi\" target=\"_blank\" rel=\"noreferrer noopener\">Kugelraketen Super 6<\/a><\/td><\/tr><\/tbody><\/table><figcaption class=\"wp-element-caption\">Aktuell 2025 \/ Durchgestrichen leider ausverkauft<\/figcaption><\/figure>\n\n\n\n<h2 class=\"wp-block-heading\">Xplode<\/h2>\n\n\n\n<figure class=\"wp-block-table\"><table><tbody><tr><td>Artikelnummer<\/td><td>Bezeichnung<\/td><td>Artikelnummer<\/td><td>Bezeichnung<\/td><td>Artikelnummer<\/td><td>Bezeichnung<\/td><\/tr><tr><td>XP5301<\/td><td><a href=\"https:\/\/youtu.be\/Jyl84-DNyyw\" target=\"_blank\" rel=\"noreferrer noopener\">Double Deck red<\/a><\/td><td>XP5303<\/td><td><a href=\"https:\/\/youtu.be\/IMnQeXoKFb0\" target=\"_blank\" rel=\"noreferrer noopener\">Double Deck blue<\/a><\/td><td>XP7783<\/td><td><a href=\"http:\/\/glootz.selfhost.eu\/wp-content\/uploads\/2024\/11\/xplode_Stromboli.jpg\" target=\"_blank\" rel=\"noreferrer noopener\">Stromboli<\/a><\/td><\/tr><tr><td>XP5302<\/td><td><a href=\"https:\/\/youtu.be\/G-XvX8W-R1I\" target=\"_blank\" rel=\"noreferrer noopener\">Double Deck purple<\/a><\/td><td>XP7736<\/td><td><a href=\"https:\/\/youtu.be\/8JHwqbGxy-k\" target=\"_blank\" rel=\"noreferrer noopener\">Crackling Bird<\/a><\/td><td><\/td><td><\/td><\/tr><\/tbody><\/table><figcaption class=\"wp-element-caption\">Aktuell 2025 \/ Durchgestrichen leider ausverkauft<\/figcaption><\/figure>\n\n\n\n<h2 class=\"wp-block-heading\">Nico<\/h2>\n\n\n\n<div class=\"wp-block-columns is-layout-flex wp-container-core-columns-is-layout-9d6595d7 wp-block-columns-is-layout-flex\">\n<div class=\"wp-block-column is-layout-flow wp-block-column-is-layout-flow\" style=\"flex-basis:100%\">\n<figure class=\"wp-block-table\"><table><tbody><tr><td>Artikelnummer<\/td><td>Bezeichnung<\/td><td>Artikelnummer<\/td><td>Bezeichnung<\/td><td>Artikelnummer<\/td><td>Bezeichnung<\/td><\/tr><tr><td>004353<\/td><td><a href=\"http:\/\/glootz.selfhost.eu\/wp-content\/uploads\/2021\/10\/NicoBonsai.jpg\" target=\"_blank\" rel=\"noreferrer noopener\">Bonsai &#8211; F1<\/a><\/td><td>07864<\/td><td><a href=\"https:\/\/youtu.be\/mGzl45KNgqg?si=xWHK4aaswNVc-GKO\" target=\"_blank\" rel=\"noreferrer noopener\">Bengalfakel orange<\/a><\/td><td>0<span itemprop=\"sku\">07860<\/span><\/td><td><a href=\"https:\/\/youtu.be\/NDNgK6G_I6o\" target=\"_blank\" rel=\"noreferrer noopener\">Bengalfakel rot<\/a><\/td><\/tr><tr><td>007841<\/td><td><a href=\"https:\/\/youtu.be\/B4y3p74FtdE\" target=\"_blank\" rel=\"noreferrer noopener\">Smoke Tubes rot<\/a><\/td><td>007861<\/td><td><a href=\"http:\/\/glootz.selfhost.eu\/wp-content\/uploads\/2024\/11\/NicoBengalosgelb.jpg\" target=\"_blank\" rel=\"noreferrer noopener\">Bengalfakel gelb<\/a><\/td><td>007865<\/td><td><a href=\"http:\/\/glootz.selfhost.eu\/wp-content\/uploads\/2024\/11\/NicoBengalorot.jpg\" target=\"_blank\" rel=\"noreferrer noopener\">Bengalfakel rot blk.<\/a><\/td><\/tr><tr><td>007844<\/td><td><a href=\"https:\/\/youtu.be\/ni3CSoU5zEg\" target=\"_blank\" rel=\"noreferrer noopener\">Smoke Tubes wei\u00df<\/a><\/td><td>007862<\/td><td><a href=\"https:\/\/youtu.be\/YGaRk2FSDeo\" target=\"_blank\" rel=\"noreferrer noopener\">Bengalfakel blau<\/a><\/td><td>786600<\/td><td><a href=\"https:\/\/youtu.be\/bWlKecEPLDg\" target=\"_blank\" rel=\"noreferrer noopener\">Bengalfakel wei\u00df blk.<\/a><\/td><\/tr><tr><td>007840<\/td><td><a href=\"https:\/\/youtu.be\/D0RlUL-jBV0\" target=\"_blank\" rel=\"noreferrer noopener\">Smoke Tubes bunt<\/a><\/td><td>007863<\/td><td><a href=\"https:\/\/youtu.be\/6l74nohXuHg\" target=\"_blank\" rel=\"noreferrer noopener\">Bengalfakel gr\u00fcn<\/a><\/td><td> 07867<\/td><td><a href=\"https:\/\/youtu.be\/XO7VC3NBoko?si=CS2ehWWDL2lYayFS\" target=\"_blank\" rel=\"noreferrer noopener\">Bengalfakel pink<\/a><\/td><\/tr><tr><td>02215<\/td><td><a href=\"https:\/\/youtu.be\/MPP5vqHPMMU?si=svOh5VMDXQ1N9nBw\" target=\"_blank\" rel=\"noreferrer noopener\">Fallschirmraketen<\/a><\/td><td>56800<\/td><td>Bengalfackel rot zu gelb<\/td><td>S80005<\/td><td><a href=\"http:\/\/glootz.selfhost.eu\/wp-content\/uploads\/2024\/11\/Tischfeuerwerk.jpg\" target=\"_blank\" rel=\"noreferrer noopener\">Tischfeuerwerk<\/a><\/td><\/tr><\/tbody><\/table><figcaption class=\"wp-element-caption\">Aktuell 2025 \/ Durchgestrichen leider ausverkauft<\/figcaption><\/figure>\n<\/div>\n<\/div>\n\n\n\n<h2 class=\"wp-block-heading\">Lesli<\/h2>\n\n\n\n<figure class=\"wp-block-table\"><table><tbody><tr><td>Artikelnummer<\/td><td>Bezeichnung<\/td><td>Artikelnummer<\/td><td>Bezeichnung<\/td><td>Artikelnummer<\/td><td>Bezeichnung<\/td><\/tr><tr><td>04930<\/td><td><a href=\"https:\/\/youtu.be\/LSIhc-7Nwv0?si=NTU_BqjtJox1y_Q_\" target=\"_blank\" rel=\"noreferrer noopener\">Dezemberfest<\/a><\/td><td>03915<\/td><td><a href=\"https:\/\/youtu.be\/_BblW6i5faE?si=6hMt4ONYHG8wpKd0\" target=\"_blank\" rel=\"noreferrer noopener\">Parallell Universe<\/a><\/td><td>04444<\/td><td><a href=\"https:\/\/youtu.be\/HY4Zsup6VDs?si=0_lFYY2PpazO-Txx\" target=\"_blank\" rel=\"noreferrer noopener\">Killer Cojote<\/a><\/td><\/tr><tr><td>04216<\/td><td><a href=\"https:\/\/youtu.be\/1k9EkpYEO5g?si=Eacyqsnhz4fhWmC9\" target=\"_blank\" rel=\"noreferrer noopener\">Prezident Piro<\/a><\/td><td>04145<\/td><td><a href=\"https:\/\/youtu.be\/-f3iSpPA_08?si=0wrpy0FFR4pRJhYw\" target=\"_blank\" rel=\"noreferrer noopener\">B\u00f6se Nachbarin<\/a><\/td><td>04845<\/td><td><a href=\"https:\/\/youtu.be\/wXOT2K4vFs8?si=STKJoJt2DcfUCDke\" target=\"_blank\" rel=\"noreferrer noopener\">Super Charger<\/a><\/td><\/tr><tr><td>04473<\/td><td><a href=\"https:\/\/youtu.be\/LJNsV-tIFfc?si=3KMhHzdzpaQKbhLS\" target=\"_blank\" rel=\"noreferrer noopener\">Mammoth<\/a><\/td><td>04233<\/td><td><a href=\"https:\/\/youtu.be\/3sEmaTSJRf4?si=7dMmNaDtnldtvBFe\" target=\"_blank\" rel=\"noreferrer noopener\">I love Mama<\/a><\/td><td>04451<\/td><td><a href=\"https:\/\/youtu.be\/uLrByENVc3o?si=VLKWxlCl9FXNUiVn\" target=\"_blank\" rel=\"noreferrer noopener\">Roaming Panther<\/a><\/td><\/tr><tr><td>6254<\/td><td><a href=\"https:\/\/youtu.be\/d4ht0xybg5o\" target=\"_blank\" rel=\"noreferrer noopener\"><\/a><a href=\"https:\/\/youtu.be\/d4ht0xybg5o?si=oIepQwr0DmARWDFZ\" target=\"_blank\" rel=\"noreferrer noopener\">Heisenberg<\/a><\/td><td>1024<\/td><td><a href=\"https:\/\/youtu.be\/XNKwT_oYg7o?si=wa67w_7HpizVjSJ9\" target=\"_blank\" rel=\"noreferrer noopener\">Kickbox King<\/a><\/td><td>04532<\/td><td><a href=\"https:\/\/youtu.be\/tWVebLViduY?si=Ai98ygBlQJE7nDPU\" target=\"_blank\" rel=\"noreferrer noopener\">Feuerschwert &#8211; F1<\/a><\/td><\/tr><tr><td>06623<\/td><td><a href=\"https:\/\/youtu.be\/AXyRU7Cbw5U?si=eMjo25zlIwVhkEGN\" target=\"_blank\" rel=\"noreferrer noopener\">Aktiv Kracher<\/a><\/td><td>6616<\/td><td><a href=\"https:\/\/youtu.be\/V7vY98DQ-8M?si=fJmkUSV25hun5bx3\" target=\"_blank\" rel=\"noreferrer noopener\">Uzumaku Iro<\/a><\/td><td>04551<\/td><td><a href=\"http:\/\/glootz.selfhost.eu\/wp-content\/uploads\/2024\/11\/lesli-highly-skilled.jpg\" target=\"_blank\" rel=\"noreferrer noopener\">Highly Skilled &#8211; F1<\/a><\/td><\/tr><tr><td>04199<\/td><td><a href=\"https:\/\/www.youtube.com\/watch?v=AQMSknXDUX8\" target=\"_blank\" rel=\"noreferrer noopener\">All Inclusive 120<\/a><\/td><td>6607<\/td><td><a href=\"https:\/\/youtu.be\/l_BQPISf1pM?si=I6yyQ6xApNXuMnRu\" target=\"_blank\" rel=\"noreferrer noopener\">Iro Kin Beauty<\/a><\/td><td>04552<\/td><td><a href=\"http:\/\/glootz.selfhost.eu\/wp-content\/uploads\/2024\/11\/lesli-predator-pack.jpg\" target=\"_blank\" rel=\"noreferrer noopener\">Predator Pack &#8211; F1<\/a><\/td><\/tr><tr><td>04142<\/td><td><a href=\"https:\/\/youtu.be\/uvXroYbkrcY?si=K6Tvk0h6pADDWdK2\" target=\"_blank\" rel=\"noreferrer noopener\">Gold<\/a><\/td><td>6632<\/td><td><a href=\"https:\/\/youtu.be\/2cIQLsg0aEY?si=12uKWPXtMVjDfZWB\" target=\"_blank\" rel=\"noreferrer noopener\">Oyogu Hoshi<\/a><\/td><td>02587<\/td><td><a href=\"https:\/\/youtu.be\/QhxHMULvuIk?si=Kudu-5g2GWhboI1-\" target=\"_blank\" rel=\"noreferrer noopener\">Woodcrackers<\/a><\/td><\/tr><\/tbody><\/table><figcaption class=\"wp-element-caption\">Aktuell 2025 \/ Durchgestrichen leider ausverkauft<\/figcaption><\/figure>\n\n\n\n<h2 class=\"wp-block-heading\">Pyrounion \/ KFK \/ JGWB \/ Riakeo \/ Blackboxx \/ PyroPol \/ Klasek<\/h2>\n\n\n\n<figure class=\"wp-block-table\"><table><tbody><tr><td>Artikelnummer<\/td><td>Bezeichnung<\/td><td>Artikelnummer<\/td><td>Bezeichnung<\/td><td>Artikelnummer<\/td><td>Bezeichnung<\/td><\/tr><tr><td>PU &#8211; 01<\/td><td><a href=\"http:\/\/glootz.selfhost.eu\/wp-content\/uploads\/2024\/11\/PU_SSS.jpg\" target=\"_blank\" rel=\"noreferrer noopener\">Sternschnuppenst\u00e4be &#8211; F1<\/a><\/td><td>Riakeo 06466<\/td><td><a href=\"https:\/\/youtu.be\/hPSkx3NEul8\" target=\"_blank\" rel=\"noreferrer noopener\">Elegance<\/a><\/td><td>Blackboxx 106<\/td><td><a href=\"https:\/\/youtu.be\/1TDZtqPqB2c\" target=\"_blank\" rel=\"noreferrer noopener\">Vogelschreckbatterie<\/a><\/td><\/tr><tr><td>PU &#8211; 02<\/td><td><a href=\"\/wp-content\/uploads\/2021\/10\/Chiarappa.jpg\" target=\"_blank\" rel=\"noreferrer noopener\">Chiarappa P1<\/a><\/td><td>Riakeo 06472<\/td><td><a href=\"https:\/\/youtu.be\/lzpOe2TJGhg?si=KAvkPQuGHA2EzP1m\" target=\"_blank\" rel=\"noreferrer noopener\">Himalaya Heights<\/a><\/td><td>Blackboxx 101<\/td><td><a href=\"https:\/\/youtu.be\/DT9xVDQdd_o\" target=\"_blank\" rel=\"noreferrer noopener\">Feuers\u00e4ule No. 1<\/a><\/td><\/tr><tr><td>FKF 1002-1<\/td><td><a href=\"http:\/\/glootz.selfhost.eu\/wp-content\/uploads\/2024\/11\/FKF_Koenigsschlag.jpg\" target=\"_blank\" rel=\"noreferrer noopener\">K\u00f6nigsschlag<\/a><\/td><td>Riakeo 06478<\/td><td><a href=\"https:\/\/youtu.be\/ZP3LpsnuKBs\" target=\"_blank\" rel=\"noreferrer noopener\"><s>The Great Wall<\/s><\/a><\/td><td>Blackboxx 26110<\/td><td><a href=\"https:\/\/youtu.be\/ZC5UAeJ9wxY\" target=\"_blank\" rel=\"noreferrer noopener\">Bombenraketen<\/a><\/td><\/tr><tr><td>JGWB 81500<\/td><td>Paukenschlag<\/td><td>Riakeo 06462<\/td><td><a href=\"https:\/\/youtu.be\/rY_nIC6Uq2k\" target=\"_blank\" rel=\"noreferrer noopener\">Peking Opera 100<\/a><\/td><td>Klasek PB120D<\/td><td><a href=\"https:\/\/youtu.be\/0XAl_3zuuyg\" target=\"_blank\" rel=\"noreferrer noopener\">DumBum Black Edition<\/a><\/td><\/tr><tr><td>PyroPol CF3<\/td><td><a href=\"http:\/\/glootz.selfhost.eu\/wp-content\/uploads\/2024\/11\/PyroPol_Bengalos.jpg\" target=\"_blank\" rel=\"noreferrer noopener\">Starklichtbengalos wei\u00df\/rot<\/a><\/td><td>Riakeo 6480<\/td><td><a href=\"https:\/\/youtu.be\/yXChr8aoZjY\" target=\"_blank\" rel=\"noreferrer noopener\">Excellence<\/a><\/td><td>Klasek BK2V<\/td><td><a href=\"https:\/\/youtu.be\/_06fzPMX9U8?si=QeV_43XXWwk89Q3a\" target=\"_blank\" rel=\"noreferrer noopener\">DumBum Knallerbsen<\/a><\/td><\/tr><\/tbody><\/table><figcaption class=\"wp-element-caption\">Aktuell 2025 \/ Durchgestrichen leider ausverkauft<\/figcaption><\/figure>\n\n\n\n<h2 class=\"wp-block-heading\">Bugano \/ Zink<\/h2>\n\n\n\n<figure class=\"wp-block-table\"><table><tbody><tr><td>Artikelnummer<\/td><td>Bezeichnung<\/td><td>Artikelnummer<\/td><td>Bezeichnung<\/td><\/tr><tr><td>785-1<\/td><td><a href=\"http:\/\/glootz.selfhost.eu\/wp-content\/uploads\/2024\/11\/Zink_SSV_NO1.jpg\" target=\"_blank\" rel=\"noreferrer noopener\">Schweizer Supervulkan No.1 Gold\/Silber<\/a><br>50 Sek. &#8211; 6 M. Effekth\u00f6he<\/td><td>787-1<\/td><td><a href=\"http:\/\/glootz.selfhost.eu\/wp-content\/uploads\/2024\/11\/Zink_SSV_NO3.jpg\" target=\"_blank\" rel=\"noreferrer noopener\">Schweizer Supervulkan No.3 Gold &amp; color Sterne<\/a><br>50 Sek. &#8211; 6 M. Effekth\u00f6he<\/td><\/tr><tr><td>4258-2<\/td><td><a href=\"https:\/\/youtu.be\/nkWbyQm7OYA\" target=\"_blank\" rel=\"noreferrer noopener\">Bugano Einhornpups silber &amp; pinke Sterne<\/a><br>50 Sek. &#8211; 6 M. Effekth\u00f6he<\/td><td>789-1<\/td><td><a href=\"http:\/\/glootz.selfhost.eu\/wp-content\/uploads\/2024\/11\/Zink_SSV_NO5.jpg\" target=\"_blank\" rel=\"noreferrer noopener\">Schweizer Supervulkan No.5 Gold &amp; blaue Sterne<\/a><br>50 Sek. &#8211; 6 M. Effekth\u00f6he<\/td><\/tr><tr><td>798-1<\/td><td><a href=\"http:\/\/glootz.selfhost.eu\/wp-content\/uploads\/2024\/11\/Zink_SSV_NO8.jpg\" target=\"_blank\" rel=\"noreferrer noopener\">Schweizer Supervulkan No.8 &#8211; Silber &amp; rote Sterne<\/a><br>50 Sek. &#8211; 6 M. Effekth\u00f6he<\/td><td>4251-1<\/td><td>Bugano Gold blink No.2 Gold &amp; Blinksterne<br>50 Sek. &#8211; 6 M. Effekth\u00f6he<\/td><\/tr><\/tbody><\/table><figcaption class=\"wp-element-caption\">Aktuell 2025 \/ Durchgestrichen leider ausverkauft<\/figcaption><\/figure>\n\n\n\n<p><br>Alle Artikel haben eine Zulassung in Deutschland und sind an Personen \u00fcber 18 Jahre frei verk\u00e4uflich.<br>Artikel nur in begrenzter Anzahl vorr\u00e4tig. Bitte beachten Sie, dass kein Warenversand m\u00f6glich ist.<\/p>\n\n\n\n<p>Liste Stand 15\/11\/2025<\/p>\n\n\n\n<p><\/p>\n","protected":false},"excerpt":{"rendered":"<p>Anz\u00fcndmittel &amp; Hilfsmittel Artikelnummer Bezeichnung Artikelnummer Bezeichnung Artikelnummer Bezeichnung Gr\u00fcneVisco Gelbe Anz\u00fcndlitze Rote Anz\u00fcndlitze Anz\u00fcndband \/ Tapematch Blackboxx 77510 Profi-Raketenst\u00e4nder Aktuell 2025 \/ Durchgestrichen leider ausverkauft FIREevent Artikelnummer Bezeichnung Artikelnummer Bezeichnung Artikelnummer Bezeichnung CB75-003-23 Nemesis KN030-014 Roter Korsar KN30-013B The King Aktuell 2025 \/ Durchgestrichen leider ausverkauft Pulver Artikelnummer Bezeichnung Artikelnummer Bezeichnung Artikelnummer Bezeichnung PP-LF-LH-3 [&hellip;]<\/p>\n","protected":false},"author":1,"featured_media":0,"parent":0,"menu_order":0,"comment_status":"closed","ping_status":"closed","template":"","meta":{"footnotes":""},"class_list":["post-26","page","type-page","status-publish","hentry","entry"],"yoast_head":"<!-- This site is optimized with the Yoast SEO plugin v27.1.1 - https:\/\/yoast.com\/product\/yoast-seo-wordpress\/ -->\n<title>Shop - Pyro-Piraten.de<\/title>\n<meta name=\"robots\" content=\"index, follow, max-snippet:-1, max-image-preview:large, max-video-preview:-1\" \/>\n<link rel=\"canonical\" href=\"http:\/\/glootz.selfhost.eu\/?page_id=26\" \/>\n<meta property=\"og:locale\" content=\"de_DE\" \/>\n<meta property=\"og:type\" content=\"article\" \/>\n<meta property=\"og:title\" content=\"Shop - Pyro-Piraten.de\" \/>\n<meta property=\"og:description\" content=\"Anz\u00fcndmittel &amp; Hilfsmittel Artikelnummer Bezeichnung Artikelnummer Bezeichnung Artikelnummer Bezeichnung Gr\u00fcneVisco Gelbe Anz\u00fcndlitze Rote Anz\u00fcndlitze Anz\u00fcndband \/ Tapematch Blackboxx 77510 Profi-Raketenst\u00e4nder Aktuell 2025 \/ Durchgestrichen leider ausverkauft FIREevent Artikelnummer Bezeichnung Artikelnummer Bezeichnung Artikelnummer Bezeichnung CB75-003-23 Nemesis KN030-014 Roter Korsar KN30-013B The King Aktuell 2025 \/ Durchgestrichen leider ausverkauft Pulver Artikelnummer Bezeichnung Artikelnummer Bezeichnung Artikelnummer Bezeichnung PP-LF-LH-3 [&hellip;]\" \/>\n<meta property=\"og:url\" content=\"http:\/\/glootz.selfhost.eu\/?page_id=26\" \/>\n<meta property=\"og:site_name\" content=\"Pyro-Piraten.de\" \/>\n<meta property=\"article:modified_time\" content=\"2025-12-20T14:59:26+00:00\" \/>\n<meta name=\"twitter:card\" content=\"summary_large_image\" \/>\n<meta name=\"twitter:label1\" content=\"Gesch\u00e4tzte Lesezeit\" \/>\n\t<meta name=\"twitter:data1\" content=\"3\u00a0Minuten\" \/>\n<script type=\"application\/ld+json\" class=\"yoast-schema-graph\">{\"@context\":\"https:\/\/schema.org\",\"@graph\":[{\"@type\":\"WebPage\",\"@id\":\"http:\/\/glootz.selfhost.eu\/?page_id=26\",\"url\":\"http:\/\/glootz.selfhost.eu\/?page_id=26\",\"name\":\"Shop - Pyro-Piraten.de\",\"isPartOf\":{\"@id\":\"http:\/\/glootz.selfhost.eu\/#website\"},\"datePublished\":\"2021-09-09T10:49:59+00:00\",\"dateModified\":\"2025-12-20T14:59:26+00:00\",\"breadcrumb\":{\"@id\":\"http:\/\/glootz.selfhost.eu\/?page_id=26#breadcrumb\"},\"inLanguage\":\"de\",\"potentialAction\":[{\"@type\":\"ReadAction\",\"target\":[\"http:\/\/glootz.selfhost.eu\/?page_id=26\"]}]},{\"@type\":\"BreadcrumbList\",\"@id\":\"http:\/\/glootz.selfhost.eu\/?page_id=26#breadcrumb\",\"itemListElement\":[{\"@type\":\"ListItem\",\"position\":1,\"name\":\"Startseite\",\"item\":\"http:\/\/glootz.selfhost.eu\/\"},{\"@type\":\"ListItem\",\"position\":2,\"name\":\"Shop\"}]},{\"@type\":\"WebSite\",\"@id\":\"http:\/\/glootz.selfhost.eu\/#website\",\"url\":\"http:\/\/glootz.selfhost.eu\/\",\"name\":\"Pyro-Piraten.de\",\"description\":\"Feurwerk kaufen in Stuttgart\",\"publisher\":{\"@id\":\"http:\/\/glootz.selfhost.eu\/#organization\"},\"potentialAction\":[{\"@type\":\"SearchAction\",\"target\":{\"@type\":\"EntryPoint\",\"urlTemplate\":\"http:\/\/glootz.selfhost.eu\/?s={search_term_string}\"},\"query-input\":{\"@type\":\"PropertyValueSpecification\",\"valueRequired\":true,\"valueName\":\"search_term_string\"}}],\"inLanguage\":\"de\"},{\"@type\":\"Organization\",\"@id\":\"http:\/\/glootz.selfhost.eu\/#organization\",\"name\":\"Pyro-Piraten.de\",\"url\":\"http:\/\/glootz.selfhost.eu\/\",\"logo\":{\"@type\":\"ImageObject\",\"inLanguage\":\"de\",\"@id\":\"http:\/\/glootz.selfhost.eu\/#\/schema\/logo\/image\/\",\"url\":\"http:\/\/glootz.selfhost.eu\/wp-content\/uploads\/2021\/09\/Pyro-Piraten.jpg\",\"contentUrl\":\"http:\/\/glootz.selfhost.eu\/wp-content\/uploads\/2021\/09\/Pyro-Piraten.jpg\",\"width\":640,\"height\":480,\"caption\":\"Pyro-Piraten.de\"},\"image\":{\"@id\":\"http:\/\/glootz.selfhost.eu\/#\/schema\/logo\/image\/\"}}]}<\/script>\n<!-- \/ Yoast SEO plugin. -->","yoast_head_json":{"title":"Shop - Pyro-Piraten.de","robots":{"index":"index","follow":"follow","max-snippet":"max-snippet:-1","max-image-preview":"max-image-preview:large","max-video-preview":"max-video-preview:-1"},"canonical":"http:\/\/glootz.selfhost.eu\/?page_id=26","og_locale":"de_DE","og_type":"article","og_title":"Shop - Pyro-Piraten.de","og_description":"Anz\u00fcndmittel &amp; Hilfsmittel Artikelnummer Bezeichnung Artikelnummer Bezeichnung Artikelnummer Bezeichnung Gr\u00fcneVisco Gelbe Anz\u00fcndlitze Rote Anz\u00fcndlitze Anz\u00fcndband \/ Tapematch Blackboxx 77510 Profi-Raketenst\u00e4nder Aktuell 2025 \/ Durchgestrichen leider ausverkauft FIREevent Artikelnummer Bezeichnung Artikelnummer Bezeichnung Artikelnummer Bezeichnung CB75-003-23 Nemesis KN030-014 Roter Korsar KN30-013B The King Aktuell 2025 \/ Durchgestrichen leider ausverkauft Pulver Artikelnummer Bezeichnung Artikelnummer Bezeichnung Artikelnummer Bezeichnung PP-LF-LH-3 [&hellip;]","og_url":"http:\/\/glootz.selfhost.eu\/?page_id=26","og_site_name":"Pyro-Piraten.de","article_modified_time":"2025-12-20T14:59:26+00:00","twitter_card":"summary_large_image","twitter_misc":{"Gesch\u00e4tzte Lesezeit":"3\u00a0Minuten"},"schema":{"@context":"https:\/\/schema.org","@graph":[{"@type":"WebPage","@id":"http:\/\/glootz.selfhost.eu\/?page_id=26","url":"http:\/\/glootz.selfhost.eu\/?page_id=26","name":"Shop - Pyro-Piraten.de","isPartOf":{"@id":"http:\/\/glootz.selfhost.eu\/#website"},"datePublished":"2021-09-09T10:49:59+00:00","dateModified":"2025-12-20T14:59:26+00:00","breadcrumb":{"@id":"http:\/\/glootz.selfhost.eu\/?page_id=26#breadcrumb"},"inLanguage":"de","potentialAction":[{"@type":"ReadAction","target":["http:\/\/glootz.selfhost.eu\/?page_id=26"]}]},{"@type":"BreadcrumbList","@id":"http:\/\/glootz.selfhost.eu\/?page_id=26#breadcrumb","itemListElement":[{"@type":"ListItem","position":1,"name":"Startseite","item":"http:\/\/glootz.selfhost.eu\/"},{"@type":"ListItem","position":2,"name":"Shop"}]},{"@type":"WebSite","@id":"http:\/\/glootz.selfhost.eu\/#website","url":"http:\/\/glootz.selfhost.eu\/","name":"Pyro-Piraten.de","description":"Feurwerk kaufen in Stuttgart","publisher":{"@id":"http:\/\/glootz.selfhost.eu\/#organization"},"potentialAction":[{"@type":"SearchAction","target":{"@type":"EntryPoint","urlTemplate":"http:\/\/glootz.selfhost.eu\/?s={search_term_string}"},"query-input":{"@type":"PropertyValueSpecification","valueRequired":true,"valueName":"search_term_string"}}],"inLanguage":"de"},{"@type":"Organization","@id":"http:\/\/glootz.selfhost.eu\/#organization","name":"Pyro-Piraten.de","url":"http:\/\/glootz.selfhost.eu\/","logo":{"@type":"ImageObject","inLanguage":"de","@id":"http:\/\/glootz.selfhost.eu\/#\/schema\/logo\/image\/","url":"http:\/\/glootz.selfhost.eu\/wp-content\/uploads\/2021\/09\/Pyro-Piraten.jpg","contentUrl":"http:\/\/glootz.selfhost.eu\/wp-content\/uploads\/2021\/09\/Pyro-Piraten.jpg","width":640,"height":480,"caption":"Pyro-Piraten.de"},"image":{"@id":"http:\/\/glootz.selfhost.eu\/#\/schema\/logo\/image\/"}}]}},"_links":{"self":[{"href":"http:\/\/glootz.selfhost.eu\/index.php?rest_route=\/wp\/v2\/pages\/26","targetHints":{"allow":["GET"]}}],"collection":[{"href":"http:\/\/glootz.selfhost.eu\/index.php?rest_route=\/wp\/v2\/pages"}],"about":[{"href":"http:\/\/glootz.selfhost.eu\/index.php?rest_route=\/wp\/v2\/types\/page"}],"author":[{"embeddable":true,"href":"http:\/\/glootz.selfhost.eu\/index.php?rest_route=\/wp\/v2\/users\/1"}],"replies":[{"embeddable":true,"href":"http:\/\/glootz.selfhost.eu\/index.php?rest_route=%2Fwp%2Fv2%2Fcomments&post=26"}],"version-history":[{"count":281,"href":"http:\/\/glootz.selfhost.eu\/index.php?rest_route=\/wp\/v2\/pages\/26\/revisions"}],"predecessor-version":[{"id":1005,"href":"http:\/\/glootz.selfhost.eu\/index.php?rest_route=\/wp\/v2\/pages\/26\/revisions\/1005"}],"wp:attachment":[{"href":"http:\/\/glootz.selfhost.eu\/index.php?rest_route=%2Fwp%2Fv2%2Fmedia&parent=26"}],"curies":[{"name":"wp","href":"https:\/\/api.w.org\/{rel}","templated":true}]}}