{"id":25,"date":"2021-09-09T12:49:59","date_gmt":"2021-09-09T10:49:59","guid":{"rendered":"http:\/\/192.168.1.206\/?page_id=25"},"modified":"2025-09-10T18:12:34","modified_gmt":"2025-09-10T16:12:34","slug":"das-team","status":"publish","type":"page","link":"http:\/\/glootz.selfhost.eu\/?page_id=25","title":{"rendered":"Das Team"},"content":{"rendered":"\n<p>Wir sind ein bunter Haufen von Feuerwerk-Fans und Pyrotechnikern.<br>Eins haben wir alle gemeinsam: Die Liebe zur Feuerwerkerei.<\/p>\n\n\n<div class=\"wp-block-image is-style-rounded\">\n<figure class=\"alignleft size-full is-resized\"><img loading=\"lazy\" decoding=\"async\" width=\"200\" height=\"200\" src=\"http:\/\/192.168.1.2\/wp-content\/uploads\/2021\/09\/Josch.jpg\" alt=\"\" class=\"wp-image-63\" style=\"width:200px;height:auto\" srcset=\"http:\/\/glootz.selfhost.eu\/wp-content\/uploads\/2021\/09\/Josch.jpg 200w, http:\/\/glootz.selfhost.eu\/wp-content\/uploads\/2021\/09\/Josch-150x150.jpg 150w\" sizes=\"auto, (max-width: 200px) 100vw, 200px\" \/><figcaption class=\"wp-element-caption\">Kapit\u00e4n Josch<br>Once a Pirate, always a Pirate<br>Staatlich gepr\u00fcfter Gro\u00dffeuerwerker<\/figcaption><\/figure>\n<\/div>","protected":false},"excerpt":{"rendered":"<p>Wir sind ein bunter Haufen von Feuerwerk-Fans und Pyrotechnikern.Eins haben wir alle gemeinsam: Die Liebe zur Feuerwerkerei.<\/p>\n","protected":false},"author":1,"featured_media":0,"parent":0,"menu_order":0,"comment_status":"closed","ping_status":"closed","template":"","meta":{"footnotes":""},"class_list":["post-25","page","type-page","status-publish","hentry","entry"],"yoast_head":"<!-- This site is optimized with the Yoast SEO plugin v27.1.1 - https:\/\/yoast.com\/product\/yoast-seo-wordpress\/ -->\n<title>Das Team - Pyro-Piraten.de<\/title>\n<meta name=\"robots\" content=\"index, follow, max-snippet:-1, max-image-preview:large, max-video-preview:-1\" \/>\n<link rel=\"canonical\" href=\"http:\/\/glootz.selfhost.eu\/?page_id=25\" \/>\n<meta property=\"og:locale\" content=\"de_DE\" \/>\n<meta property=\"og:type\" content=\"article\" \/>\n<meta property=\"og:title\" content=\"Das Team - Pyro-Piraten.de\" \/>\n<meta property=\"og:description\" content=\"Wir sind ein bunter Haufen von Feuerwerk-Fans und Pyrotechnikern.Eins haben wir alle gemeinsam: Die Liebe zur Feuerwerkerei.\" \/>\n<meta property=\"og:url\" content=\"http:\/\/glootz.selfhost.eu\/?page_id=25\" \/>\n<meta property=\"og:site_name\" content=\"Pyro-Piraten.de\" \/>\n<meta property=\"article:modified_time\" content=\"2025-09-10T16:12:34+00:00\" \/>\n<meta property=\"og:image\" content=\"http:\/\/glootz.selfhost.eu\/wp-content\/uploads\/2021\/09\/Josch.jpg\" \/>\n\t<meta property=\"og:image:width\" content=\"200\" \/>\n\t<meta property=\"og:image:height\" content=\"200\" \/>\n\t<meta property=\"og:image:type\" content=\"image\/jpeg\" \/>\n<meta name=\"twitter:card\" content=\"summary_large_image\" \/>\n<meta name=\"twitter:label1\" content=\"Gesch\u00e4tzte Lesezeit\" \/>\n\t<meta name=\"twitter:data1\" content=\"1\u00a0Minute\" \/>\n<script type=\"application\/ld+json\" class=\"yoast-schema-graph\">{\"@context\":\"https:\/\/schema.org\",\"@graph\":[{\"@type\":\"WebPage\",\"@id\":\"http:\/\/glootz.selfhost.eu\/?page_id=25\",\"url\":\"http:\/\/glootz.selfhost.eu\/?page_id=25\",\"name\":\"Das Team - Pyro-Piraten.de\",\"isPartOf\":{\"@id\":\"http:\/\/glootz.selfhost.eu\/#website\"},\"primaryImageOfPage\":{\"@id\":\"http:\/\/glootz.selfhost.eu\/?page_id=25#primaryimage\"},\"image\":{\"@id\":\"http:\/\/glootz.selfhost.eu\/?page_id=25#primaryimage\"},\"thumbnailUrl\":\"http:\/\/192.168.1.2\/wp-content\/uploads\/2021\/09\/Josch.jpg\",\"datePublished\":\"2021-09-09T10:49:59+00:00\",\"dateModified\":\"2025-09-10T16:12:34+00:00\",\"breadcrumb\":{\"@id\":\"http:\/\/glootz.selfhost.eu\/?page_id=25#breadcrumb\"},\"inLanguage\":\"de\",\"potentialAction\":[{\"@type\":\"ReadAction\",\"target\":[\"http:\/\/glootz.selfhost.eu\/?page_id=25\"]}]},{\"@type\":\"ImageObject\",\"inLanguage\":\"de\",\"@id\":\"http:\/\/glootz.selfhost.eu\/?page_id=25#primaryimage\",\"url\":\"http:\/\/192.168.1.2\/wp-content\/uploads\/2021\/09\/Josch.jpg\",\"contentUrl\":\"http:\/\/192.168.1.2\/wp-content\/uploads\/2021\/09\/Josch.jpg\"},{\"@type\":\"BreadcrumbList\",\"@id\":\"http:\/\/glootz.selfhost.eu\/?page_id=25#breadcrumb\",\"itemListElement\":[{\"@type\":\"ListItem\",\"position\":1,\"name\":\"Startseite\",\"item\":\"http:\/\/glootz.selfhost.eu\/\"},{\"@type\":\"ListItem\",\"position\":2,\"name\":\"Das Team\"}]},{\"@type\":\"WebSite\",\"@id\":\"http:\/\/glootz.selfhost.eu\/#website\",\"url\":\"http:\/\/glootz.selfhost.eu\/\",\"name\":\"Pyro-Piraten.de\",\"description\":\"Feurwerk kaufen in Stuttgart\",\"publisher\":{\"@id\":\"http:\/\/glootz.selfhost.eu\/#organization\"},\"potentialAction\":[{\"@type\":\"SearchAction\",\"target\":{\"@type\":\"EntryPoint\",\"urlTemplate\":\"http:\/\/glootz.selfhost.eu\/?s={search_term_string}\"},\"query-input\":{\"@type\":\"PropertyValueSpecification\",\"valueRequired\":true,\"valueName\":\"search_term_string\"}}],\"inLanguage\":\"de\"},{\"@type\":\"Organization\",\"@id\":\"http:\/\/glootz.selfhost.eu\/#organization\",\"name\":\"Pyro-Piraten.de\",\"url\":\"http:\/\/glootz.selfhost.eu\/\",\"logo\":{\"@type\":\"ImageObject\",\"inLanguage\":\"de\",\"@id\":\"http:\/\/glootz.selfhost.eu\/#\/schema\/logo\/image\/\",\"url\":\"http:\/\/glootz.selfhost.eu\/wp-content\/uploads\/2021\/09\/Pyro-Piraten.jpg\",\"contentUrl\":\"http:\/\/glootz.selfhost.eu\/wp-content\/uploads\/2021\/09\/Pyro-Piraten.jpg\",\"width\":640,\"height\":480,\"caption\":\"Pyro-Piraten.de\"},\"image\":{\"@id\":\"http:\/\/glootz.selfhost.eu\/#\/schema\/logo\/image\/\"}}]}<\/script>\n<!-- \/ Yoast SEO plugin. -->","yoast_head_json":{"title":"Das Team - Pyro-Piraten.de","robots":{"index":"index","follow":"follow","max-snippet":"max-snippet:-1","max-image-preview":"max-image-preview:large","max-video-preview":"max-video-preview:-1"},"canonical":"http:\/\/glootz.selfhost.eu\/?page_id=25","og_locale":"de_DE","og_type":"article","og_title":"Das Team - Pyro-Piraten.de","og_description":"Wir sind ein bunter Haufen von Feuerwerk-Fans und Pyrotechnikern.Eins haben wir alle gemeinsam: Die Liebe zur Feuerwerkerei.","og_url":"http:\/\/glootz.selfhost.eu\/?page_id=25","og_site_name":"Pyro-Piraten.de","article_modified_time":"2025-09-10T16:12:34+00:00","og_image":[{"width":200,"height":200,"url":"http:\/\/glootz.selfhost.eu\/wp-content\/uploads\/2021\/09\/Josch.jpg","type":"image\/jpeg"}],"twitter_card":"summary_large_image","twitter_misc":{"Gesch\u00e4tzte Lesezeit":"1\u00a0Minute"},"schema":{"@context":"https:\/\/schema.org","@graph":[{"@type":"WebPage","@id":"http:\/\/glootz.selfhost.eu\/?page_id=25","url":"http:\/\/glootz.selfhost.eu\/?page_id=25","name":"Das Team - Pyro-Piraten.de","isPartOf":{"@id":"http:\/\/glootz.selfhost.eu\/#website"},"primaryImageOfPage":{"@id":"http:\/\/glootz.selfhost.eu\/?page_id=25#primaryimage"},"image":{"@id":"http:\/\/glootz.selfhost.eu\/?page_id=25#primaryimage"},"thumbnailUrl":"http:\/\/192.168.1.2\/wp-content\/uploads\/2021\/09\/Josch.jpg","datePublished":"2021-09-09T10:49:59+00:00","dateModified":"2025-09-10T16:12:34+00:00","breadcrumb":{"@id":"http:\/\/glootz.selfhost.eu\/?page_id=25#breadcrumb"},"inLanguage":"de","potentialAction":[{"@type":"ReadAction","target":["http:\/\/glootz.selfhost.eu\/?page_id=25"]}]},{"@type":"ImageObject","inLanguage":"de","@id":"http:\/\/glootz.selfhost.eu\/?page_id=25#primaryimage","url":"http:\/\/192.168.1.2\/wp-content\/uploads\/2021\/09\/Josch.jpg","contentUrl":"http:\/\/192.168.1.2\/wp-content\/uploads\/2021\/09\/Josch.jpg"},{"@type":"BreadcrumbList","@id":"http:\/\/glootz.selfhost.eu\/?page_id=25#breadcrumb","itemListElement":[{"@type":"ListItem","position":1,"name":"Startseite","item":"http:\/\/glootz.selfhost.eu\/"},{"@type":"ListItem","position":2,"name":"Das Team"}]},{"@type":"WebSite","@id":"http:\/\/glootz.selfhost.eu\/#website","url":"http:\/\/glootz.selfhost.eu\/","name":"Pyro-Piraten.de","description":"Feurwerk kaufen in Stuttgart","publisher":{"@id":"http:\/\/glootz.selfhost.eu\/#organization"},"potentialAction":[{"@type":"SearchAction","target":{"@type":"EntryPoint","urlTemplate":"http:\/\/glootz.selfhost.eu\/?s={search_term_string}"},"query-input":{"@type":"PropertyValueSpecification","valueRequired":true,"valueName":"search_term_string"}}],"inLanguage":"de"},{"@type":"Organization","@id":"http:\/\/glootz.selfhost.eu\/#organization","name":"Pyro-Piraten.de","url":"http:\/\/glootz.selfhost.eu\/","logo":{"@type":"ImageObject","inLanguage":"de","@id":"http:\/\/glootz.selfhost.eu\/#\/schema\/logo\/image\/","url":"http:\/\/glootz.selfhost.eu\/wp-content\/uploads\/2021\/09\/Pyro-Piraten.jpg","contentUrl":"http:\/\/glootz.selfhost.eu\/wp-content\/uploads\/2021\/09\/Pyro-Piraten.jpg","width":640,"height":480,"caption":"Pyro-Piraten.de"},"image":{"@id":"http:\/\/glootz.selfhost.eu\/#\/schema\/logo\/image\/"}}]}},"_links":{"self":[{"href":"http:\/\/glootz.selfhost.eu\/index.php?rest_route=\/wp\/v2\/pages\/25","targetHints":{"allow":["GET"]}}],"collection":[{"href":"http:\/\/glootz.selfhost.eu\/index.php?rest_route=\/wp\/v2\/pages"}],"about":[{"href":"http:\/\/glootz.selfhost.eu\/index.php?rest_route=\/wp\/v2\/types\/page"}],"author":[{"embeddable":true,"href":"http:\/\/glootz.selfhost.eu\/index.php?rest_route=\/wp\/v2\/users\/1"}],"replies":[{"embeddable":true,"href":"http:\/\/glootz.selfhost.eu\/index.php?rest_route=%2Fwp%2Fv2%2Fcomments&post=25"}],"version-history":[{"count":4,"href":"http:\/\/glootz.selfhost.eu\/index.php?rest_route=\/wp\/v2\/pages\/25\/revisions"}],"predecessor-version":[{"id":935,"href":"http:\/\/glootz.selfhost.eu\/index.php?rest_route=\/wp\/v2\/pages\/25\/revisions\/935"}],"wp:attachment":[{"href":"http:\/\/glootz.selfhost.eu\/index.php?rest_route=%2Fwp%2Fv2%2Fmedia&parent=25"}],"curies":[{"name":"wp","href":"https:\/\/api.w.org\/{rel}","templated":true}]}}